{"id":13,"date":"2025-04-03T22:36:24","date_gmt":"2025-04-03T22:36:24","guid":{"rendered":"https:\/\/ingenieriayproyecto.com.ar\/wordpress\/?page_id=13"},"modified":"2025-06-23T21:30:02","modified_gmt":"2025-06-23T21:30:02","slug":"home","status":"publish","type":"page","link":"https:\/\/ingenieriayproyecto.com.ar\/","title":{"rendered":"Home"},"content":{"rendered":"\t\t<div data-elementor-type=\"wp-page\" data-elementor-id=\"13\" class=\"elementor elementor-13\" data-elementor-post-type=\"page\">\n\t\t\t\t<div class=\"elementor-element elementor-element-89b8a92 e-con-full e-flex e-con e-parent\" data-id=\"89b8a92\" data-element_type=\"container\" data-e-type=\"container\">\n\t\t\t\t<div class=\"elementor-element elementor-element-9f26f05 elementor-widget elementor-widget-html\" data-id=\"9f26f05\" data-element_type=\"widget\" data-e-type=\"widget\" data-widget_type=\"html.default\">\n\t\t\t\t<div class=\"elementor-widget-container\">\n\t\t\t\t\t<header class=\"header\">\r\n  <nav class=\"navbar\">\r\n    <a href=\"https:\/\/ingenieriayproyecto.com.ar\/\" class=\"navbar-brand\">\r\n      <img decoding=\"async\" src=\"https:\/\/ingenieriayproyecto.com.ar\/wp-content\/uploads\/2025\/04\/CG-BLANCO-01-1.png\" alt=\"logo\" class=\"logo\">\r\n    <\/a>\r\n\r\n    <button class=\"navbar-toggler\" aria-label=\"Toggle navigation\">\r\n      <span class=\"bar\"><\/span>\r\n      <span class=\"bar\"><\/span>\r\n      <span class=\"bar\"><\/span>\r\n    <\/button>\r\n\r\n    <div class=\"navbar-collapse\">\r\n      <ul class=\"navbar-nav\">\r\n        <li class=\"nav-item\"><a href=\"https:\/\/ingenieriayproyecto.com.ar\/\" class=\"nav-link\">Inicio<\/a><\/li>\r\n        <li class=\"nav-item\"><a href=\"https:\/\/ingenieriayproyecto.com.ar\/#empresa\" class=\"nav-link\">Empresa<\/a><\/li>\r\n        <li class=\"nav-item\"><a href=\"https:\/\/ingenieriayproyecto.com.ar\/#servicios\" class=\"nav-link\">Servicios<\/a><\/li>\r\n        <li class=\"nav-item\"><a href=\"https:\/\/ingenieriayproyecto.com.ar\/#experiencia\" class=\"nav-link\">Proyectos<\/a><\/li>\r\n        <li class=\"nav-item\"><a href=\"https:\/\/ingenieriayproyecto.com.ar\/index.php\/contacto\/\" class=\"nav-link\">Contacto<\/a><\/li>\r\n      <\/ul>\r\n    <\/div>\r\n  <\/nav>\r\n<\/header>\r\n\r\n\r\n<script>\r\ndocument.addEventListener(\"DOMContentLoaded\", () => {\r\n  const header   = document.querySelector(\".header\");\r\n  const toggler  = document.querySelector(\".navbar-toggler\");\r\n  const collapse = document.querySelector(\".navbar-collapse\");\r\n\r\n  \/\/ Men\u00fa m\u00f3vil\r\n  toggler.addEventListener(\"click\", () => collapse.classList.toggle(\"show\"));\r\n\r\n  \/* ==== Ocultar\/mostrar seg. direcci\u00f3n de scroll ==== *\/\r\n  let lastScroll = 0;                       \/\/ posici\u00f3n anterior\r\n\r\n  const setBodyOffset = () =>\r\n    (document.body.style.paddingTop = `${header.offsetHeight}px`);\r\n\r\n  const handleScroll = () => {\r\n    const current = window.scrollY;\r\n\r\n    \/\/ Umbral: no ocultes mientras est\u00e9s muy arriba\r\n    if (current <= 50) {\r\n      header.classList.remove(\"hidden\");\r\n    } else {\r\n      if (current > lastScroll) {\r\n        \/\/ Bajando \u21d2 ocultar\r\n        header.classList.add(\"hidden\");\r\n      } else {\r\n        \/\/ Subiendo \u21d2 mostrar\r\n        header.classList.remove(\"hidden\");\r\n      }\r\n    }\r\n    lastScroll = current;\r\n  };\r\n\r\n  \/\/ inicio\r\n  setBodyOffset();\r\n  window.addEventListener(\"scroll\", handleScroll);\r\n  window.addEventListener(\"resize\", setBodyOffset);\r\n});\r\n<\/script>\r\n\r\n\t\t\t\t<\/div>\n\t\t\t\t<\/div>\n\t\t\t\t<\/div>\n\t\t<div class=\"elementor-element elementor-element-d1cae31 e-con-full e-flex e-con e-parent\" data-id=\"d1cae31\" data-element_type=\"container\" data-e-type=\"container\">\n\t\t\t\t<div class=\"elementor-element elementor-element-cf3e14b elementor-widget elementor-widget-html\" data-id=\"cf3e14b\" data-element_type=\"widget\" data-e-type=\"widget\" data-widget_type=\"html.default\">\n\t\t\t\t<div class=\"elementor-widget-container\">\n\t\t\t\t\t <div class=\"carousel\" id=\"mainCarousel\">\r\n        <div class=\"carousel-inner\" id=\"inicio\">\r\n            <div class=\"carousel-item active\">\r\n                <img decoding=\"async\" src=\" https:\/\/ingenieriayproyecto.com.ar\/wp-content\/uploads\/2025\/04\/carrousel2.jpg\r\n                \r\n               \" alt=\"img1\">\r\n            <\/div>\r\n            <div class=\"carousel-item\">\r\n                <img decoding=\"async\" src=\"https:\/\/ingenieriayproyecto.com.ar\/wp-content\/uploads\/2025\/05\/carrusel-.jpeg\" alt=\"img2\">\r\n            <\/div>\r\n            <div class=\"carousel-item\">\r\n                <img decoding=\"async\" src=\"https:\/\/ingenieriayproyecto.com.ar\/wp-content\/uploads\/2025\/06\/aaaaaaaaaaaaaaaaa-1.jpg\" alt=\"img3\">\r\n            <\/div>\r\n        <\/div>\r\n        <button class=\"carousel-control prev\" type=\"button\">\r\n            <span class=\"carousel-control-prev-icon\" aria-hidden=\"true\"><\/span>\r\n            <span class=\"visually-hidden\"><\/span>\r\n        <\/button>\r\n        <button class=\"carousel-control next\" type=\"button\">\r\n            <span class=\"carousel-control-next-icon\" aria-hidden=\"true\"><\/span>\r\n            <span class=\"visually-hidden\"><\/span>\r\n        <\/button>\r\n    <\/div>\r\n\r\n<script>\r\n  document.addEventListener('DOMContentLoaded', () => {\r\n    const carouselInner = document.querySelector('.carousel-inner');\r\n    const items = document.querySelectorAll('.carousel-item');\r\n    const prev = document.querySelector('.carousel-control.prev');\r\n    const next = document.querySelector('.carousel-control.next');\r\n    let index = 0;\r\n\r\n    function updateCarousel() {\r\n      carouselInner.style.transform = `translateX(-${index * 100}%)`;\r\n    }\r\n\r\n    prev.addEventListener('click', () => {\r\n      index = (index - 1 + items.length) % items.length;\r\n      updateCarousel();\r\n    });\r\n\r\n    next.addEventListener('click', () => {\r\n      index = (index + 1) % items.length;\r\n      updateCarousel();\r\n    });\r\n\r\n    \/\/ Auto slide opcional\r\n    \/\/ setInterval(() => {\r\n    \/\/   index = (index + 1) % items.length;\r\n    \/\/   updateCarousel();\r\n    \/\/ }, 7000);\r\n  });\r\n<\/script>\r\n\t\t\t\t<\/div>\n\t\t\t\t<\/div>\n\t\t\t\t<\/div>\n\t\t<div class=\"elementor-element elementor-element-6d73899 e-con-full e-flex e-con e-parent\" data-id=\"6d73899\" data-element_type=\"container\" data-e-type=\"container\">\n\t\t\t\t<div class=\"elementor-element elementor-element-3163e38 elementor-widget elementor-widget-html\" data-id=\"3163e38\" data-element_type=\"widget\" data-e-type=\"widget\" data-widget_type=\"html.default\">\n\t\t\t\t<div class=\"elementor-widget-container\">\n\t\t\t\t\t <div class=\"container\" id=\"empresa\">\r\n        <h1>NUESTRA EMPRESA<\/h1>\r\n        <p>Profesionalismo, creatividad, rapidez y eficacia definen el ambiente de apoyo constante de nuestra empresa, con servicios integrales en Ingenier\u00eda para Industrias. Dentro de sus servicios, la empresa ha definido los m\u00e1s altos est\u00e1ndares de calidad, contando e instruyendo al personal con capacitaciones requeridas para el cumplimiento de las normas exigidas.<\/p>\r\n        <div class=\"vision-container\">\r\n            <div class=\"vision-item\">\r\n                <svg width=\"48\" height=\"48\" viewBox=\"0 0 24 24\" fill=\"none\" stroke=\"#333\" stroke-width=\"2\" stroke-linecap=\"round\" stroke-linejoin=\"round\">\r\n  <path d=\"M3 21v-9a3 3 0 0 1 3-3h12a3 3 0 0 1 3 3v9\"\/>\r\n  <path d=\"M9 8V4h6v4\"\/>\r\n  <path d=\"M21 21H3\"\/>\r\n<\/svg>\r\n                <h2>EMPRESA<\/h2>\r\n                <p>Somos una empresa recientemente formada con profesionales de m\u00e1s de 10 a\u00f1os de experiencia en el \u00e1rea de Ingenier\u00eda y Proyectos. Contamos con un equipo multidisciplinario que trabaja responsablemente con el fin de brindar un servicio de calidad en Consultor\u00eda y Asesoramiento para sus proyectos.<\/p>\r\n            <\/div>\r\n            <div class=\"vision-item\">\r\n                <svg width=\"48\" height=\"48\" viewBox=\"0 0 24 24\" fill=\"none\" stroke=\"#333\" stroke-width=\"2\" stroke-linecap=\"round\" stroke-linejoin=\"round\">\r\n  <circle cx=\"12\" cy=\"12\" r=\"3\"\/>\r\n  <path d=\"M2 12c2.667-4 5.333-6 10-6s7.333 2 10 6c-2.667 4-5.333 6-10 6s-7.333-2-10-6z\"\/>\r\n<\/svg>\r\n               \r\n                <h2>NUESTRA VISI\u00d3N<\/h2>\r\n                <p>Ser una empresa que agregue valor a los proyectos, a trav\u00e9s de Servicios de Ingenier\u00eda, desarrollados a la medida de las necesidades de sus clientes.<\/p>\r\n            <\/div>\r\n            <div class=\"vision-item\">\r\n                <svg width=\"48\" height=\"48\" viewBox=\"0 0 24 24\" fill=\"none\" stroke=\"#333\" stroke-width=\"2\" stroke-linecap=\"round\" stroke-linejoin=\"round\">\r\n  <circle cx=\"12\" cy=\"12\" r=\"10\"\/>\r\n  <path d=\"M9 12l2 2l4 -4\"\/>\r\n<\/svg>\r\n                <h2>NUESTRA MISI\u00d3N<\/h2>\r\n                <p>Ofrecer soluciones en las diferentes etapas de los proyectos, con un equipo multidisciplinario, satisfaciendo completamente los requerimientos, buscando y desarrollando soluciones creativas e innovadoras, respetando el medio ambiente y haciendo un uso responsable de los recursos para un desarrollo sostenido de los negocios y del planeta.<\/p>\r\n            <\/div>\r\n        <\/div>\r\n    <\/div>\r\n\r\n   \t\t\t\t<\/div>\n\t\t\t\t<\/div>\n\t\t\t\t<\/div>\n\t\t<div class=\"elementor-element elementor-element-de7358b e-con-full e-flex e-con e-parent\" data-id=\"de7358b\" data-element_type=\"container\" data-e-type=\"container\">\n\t\t\t\t<div class=\"elementor-element elementor-element-0a14905 elementor-widget elementor-widget-html\" data-id=\"0a14905\" data-element_type=\"widget\" data-e-type=\"widget\" data-widget_type=\"html.default\">\n\t\t\t\t<div class=\"elementor-widget-container\">\n\t\t\t\t\t <div class=\"container\" id=\"quienes-somos\">\r\n        <h1>QUI\u00c9NES SOMOS<\/h1>\r\n        <div class=\"somos-container\">\r\n            <div class=\"somos-item\">\r\n                <img decoding=\"async\" src=\"https:\/\/ingenieriayproyecto.com.ar\/wp-content\/uploads\/2025\/06\/IMG_1438.jpg\" alt=\"mirtagimenez\">\r\n                <h2>ING. MIRTA GIMENEZ<\/h2>\r\n                <p>Ingeniera Mec\u00e1nica con m\u00e1s de 10 a\u00f1os de experiencia en empresas Multinacionales del rubro alimenticio. Posgrado en Gerenciamiento de Proyectos y Seguridad e Higiene. Ha realizado proyectos Civiles y Electromec\u00e1nicos, desarrollo de M\u00e1ster Plan para nuevas plantas productivas y adecuaci\u00f3n de plantas existentes para cumplimiento de normas locales e internacionales, desarrollo e instalaci\u00f3n de l\u00edneas de producci\u00f3n para casos de \u00e9xito en Snacks Salados, Cookies y Papas congeladas. Experiencia en diversas plantas de Latinoam\u00e9rica gerenciando Proyectos con Herramientas de Project Management.<\/p>\r\n            <\/div>\r\n            <div class=\"somos-item\">\r\n               <img decoding=\"async\" src=\"https:\/\/ingenieriayproyecto.com.ar\/wp-content\/uploads\/2025\/06\/PHOTO-2021-12-06-15-00-45.jpg\" alt=\"pablocattaneo\">\r\n                <h2>ING. PABLO CATTANEO<\/h2>\r\n                <p>Ingeniero Mec\u00e1nico con m\u00e1s de 15 a\u00f1os de experiencia en empresas de Ingenier\u00eda y Construcciones. Especialista y Docente en Gerenciamientos de Proyectos Industriales. ASME Membercertified en C\u00e1lculo de recipientes a presi\u00f3n. Especialista en Dise\u00f1o y C\u00e1lculo por Elementos Finitos FEA. Ha realizado proyectos para la industria Naval, Petroqu\u00edmica, Gas, Mineras, y de la Alimentaci\u00f3n. Siete a\u00f1os de experiencia en gerenciamiento de proyectos de instalaci\u00f3n de nuevas l\u00edneas de producci\u00f3n en empresas Multinacionales altamente reconocidas.<\/p>\r\n            <\/div>\r\n        <\/div>\r\n    <\/div>\r\n\t\t\t\t<\/div>\n\t\t\t\t<\/div>\n\t\t\t\t<\/div>\n\t\t<div class=\"elementor-element elementor-element-ce25707 e-con-full e-flex e-con e-parent\" data-id=\"ce25707\" data-element_type=\"container\" data-e-type=\"container\">\n\t\t\t\t<div class=\"elementor-element elementor-element-f1377c4 elementor-widget elementor-widget-html\" data-id=\"f1377c4\" data-element_type=\"widget\" data-e-type=\"widget\" data-widget_type=\"html.default\">\n\t\t\t\t<div class=\"elementor-widget-container\">\n\t\t\t\t\t <div class=\"container\" id=\"servicios\">\r\n        <h1>NUESTROS SERVICIOS<\/h1>\r\n        <p>Servicios que pueden ser brindados por diferentes profesionales, para agregar valor a sus proyectos, apoyando el desarrollo de Industrias y\/o profesionales. Los Servicios pueden brindarse en cualquier etapa de su proyecto y los mismos incluyen: Asesoramiento y Consultor\u00eda, para entender factibilidad y seleccionar tecnolog\u00edas, Gesti\u00f3n de Proyectos, Planificaci\u00f3n y Control para asegurar el alcance de los objetivos, Confecci\u00f3n de Ingenier\u00edas, B\u00e1sicas y de Detalle para una correcta ejecuci\u00f3n de los proyectos, as\u00ed como Direcci\u00f3n y Coordinaci\u00f3n de Obras.<\/p>\r\n        <div class=\"service-container\">\r\n            <div class=\"service-card\">\r\n                <img decoding=\"async\" src=\"https:\/\/ingenieriayproyecto.com.ar\/wp-content\/uploads\/2025\/04\/asesoramiento.jpeg\" alt=\"Consultor\u00eda\">\r\n                <div class=\"service-overlay\">\r\n                    <p>Realizamos asesoramiento y consultor\u00eda, para formular sus proyectos, analizar factibilidad y conceptos b\u00e1sicos.<\/p>\r\n                <\/div>\r\n            <\/div>\r\n            <div class=\"service-card\" id=\"cyg-img\">\r\n                <img decoding=\"async\" src=\"https:\/\/ingenieriayproyecto.com.ar\/wp-content\/uploads\/2025\/04\/gerenciamiento.jpeg\" alt=\"Gerenciamiento\">\r\n                <div class=\"service-overlay\">\r\n                    <p>Realizamos el Gerenciamiento de su Proyecto, la Administraci\u00f3n de Recursos, la Planificaci\u00f3n y Control.<\/p>\r\n                <\/div>\r\n            <\/div>\r\n            <div class=\"service-card\">\r\n                <img decoding=\"async\" src=\"https:\/\/ingenieriayproyecto.com.ar\/wp-content\/uploads\/2025\/04\/Implementacion.jpeg\" alt=\"Ejecuci\u00f3n\">\r\n                <div class=\"service-overlay\">\r\n                    <p>Lideramos la Implementaci\u00f3n de sus Proyectos, Confecci\u00f3n de Ingenier\u00edas, as\u00ed como Direcci\u00f3n y Coordinaci\u00f3n de Obras.<\/p>\r\n                <\/div>\r\n            <\/div>\r\n        <\/div>\r\n    <\/div>\t\t\t\t<\/div>\n\t\t\t\t<\/div>\n\t\t\t\t<\/div>\n\t\t<div class=\"elementor-element elementor-element-84111ee e-con-full e-flex e-con e-parent\" data-id=\"84111ee\" data-element_type=\"container\" data-e-type=\"container\">\n\t\t\t\t<div class=\"elementor-element elementor-element-3675b88 elementor-widget elementor-widget-html\" data-id=\"3675b88\" data-element_type=\"widget\" data-e-type=\"widget\" data-widget_type=\"html.default\">\n\t\t\t\t<div class=\"elementor-widget-container\">\n\t\t\t\t\t <section class=\"brands-section\" id=\"brands\">\n    <h2>CONFIAN EN NOSOTROS<\/h2>\n\n    <div class=\"carousel1\">\n      <div class=\"carousel-track1\" id=\"carouselTrack\">\n        <!-- \ud83d\udd01\u00a0Duplica este bloque <div class=\"slide\"> por cada logo\u00a0-->\n        <!--\u00a0\ud83d\udc47 Sustitu\u00ed los src=\"...\" por la ruta real de cada logo (SVG\/PNG)\u00a0-->\n        <div class=\"slide\"><img decoding=\"async\" src=\"https:\/\/ingenieriayproyecto.com.ar\/wp-content\/uploads\/2025\/05\/farm-frites-logo.png\" alt=\"FarmFrites\" \/><\/div>\n        <div class=\"slide\"><img decoding=\"async\" src=\"https:\/\/ingenieriayproyecto.com.ar\/wp-content\/uploads\/2025\/05\/arcor-logo.png\" alt=\"Arcor\" \/><\/div>\n        <div class=\"slide\"><img decoding=\"async\" src=\"https:\/\/ingenieriayproyecto.com.ar\/wp-content\/uploads\/2025\/05\/gilera-logo.png\" alt=\"Gilerm\" \/><\/div>\n        <div class=\"slide\"><img decoding=\"async\" src=\"https:\/\/ingenieriayproyecto.com.ar\/wp-content\/uploads\/2025\/05\/mc-cain.png\" alt=\"McCain\" \/><\/div>\n        <div class=\"slide\"><img decoding=\"async\" src=\"https:\/\/ingenieriayproyecto.com.ar\/wp-content\/uploads\/2025\/05\/pirelli-vector-logo.png\" alt=\"Pirelli\" \/><\/div>\n        <div class=\"slide\"><img decoding=\"async\" src=\"https:\/\/ingenieriayproyecto.com.ar\/wp-content\/uploads\/2025\/05\/enhanced_Captura-de-pantalla-2025-05-25-233051.png\" alt=\"Pharmamerican\" \/><\/div>\n        <div class=\"slide\"><img decoding=\"async\" src=\"https:\/\/ingenieriayproyecto.com.ar\/wp-content\/uploads\/2025\/05\/mercedesBenzaW.png\" alt=\"Mercedes\u2011Benz\" \/><\/div>\n        <div class=\"slide\"><img decoding=\"async\" src=\"https:\/\/ingenieriayproyecto.com.ar\/wp-content\/uploads\/2025\/05\/Captura-de-pantalla-2025-05-25-232109.png\" alt=\"Puratos\" \/><\/div>\n        <div class=\"slide\"><img decoding=\"async\" src=\"https:\/\/ingenieriayproyecto.com.ar\/wp-content\/uploads\/2025\/05\/enhanced_Captura-de-pantalla-2025-05-25-232333-1.png\" alt=\"Solana\" \/><\/div>\n        <div class=\"slide\"><img decoding=\"async\" src=\"https:\/\/ingenieriayproyecto.com.ar\/wp-content\/uploads\/2025\/05\/lamb-weston-scaled.png\" alt=\"LambWeston\" \/><\/div>\n        <div class=\"slide\"><img decoding=\"async\" src=\"https:\/\/ingenieriayproyecto.com.ar\/wp-content\/uploads\/2025\/05\/Captura-de-pantalla-2025-05-25-233838.png\" alt=\"TiendaInglesa\" \/><\/div>\n        <div class=\"slide\"><img decoding=\"async\" src=\"https:\/\/ingenieriayproyecto.com.ar\/wp-content\/uploads\/2025\/05\/Captura-de-pantalla-2025-05-25-234137.png\" alt=\"GrupoBimbo\" \/><\/div>\n        <div class=\"slide\"><img decoding=\"async\" src=\"https:\/\/ingenieriayproyecto.com.ar\/wp-content\/uploads\/2025\/05\/enhanced_electro-1.png\" alt=\"Electroterma\" \/><\/div>\n        <div class=\"slide\"><img decoding=\"async\" src=\"https:\/\/ingenieriayproyecto.com.ar\/wp-content\/uploads\/2025\/05\/unnamed.png\" alt=\"Tedit\" \/><\/div>\n      <\/div>\n\n   \n    <\/div>\n  <\/section>\n<script>\n    document.addEventListener(\"DOMContentLoaded\",()=>{\n      const track=document.getElementById('carouselTrack');\n      \/\/ Duplica logos para scroll infinito suave\n      track.innerHTML+=track.innerHTML;\n\n      function recalc(){\n        const slides=[...track.children];\n        const gap=parseFloat(getComputedStyle(track).gap||getComputedStyle(track).columnGap||0)||0;\n        let total=0;\n        slides.forEach((el,i)=>{\n          total+=el.offsetWidth;\n          if(i<slides.length-1) total+=gap;\n        });\n        track.style.setProperty('--scroll-width',`${total\/2}px`); \/\/ solo la primera mitad (original)\n        const speed=70; \/\/\u00a0px\/seg  \u2190\u00a0ajust\u00e1 velocidad\n        track.style.setProperty('--duration',`${(total\/2)\/speed}s`);\n      }\n\n      window.addEventListener('load',recalc);\n      window.addEventListener('resize',recalc);\n    });\n  <\/script>\t\t\t\t<\/div>\n\t\t\t\t<\/div>\n\t\t\t\t<\/div>\n\t\t<div class=\"elementor-element elementor-element-5a6b686 e-con-full e-flex e-con e-parent\" data-id=\"5a6b686\" data-element_type=\"container\" data-e-type=\"container\">\n\t\t\t\t<div class=\"elementor-element elementor-element-bf4e09e elementor-widget elementor-widget-html\" data-id=\"bf4e09e\" data-element_type=\"widget\" data-e-type=\"widget\" data-widget_type=\"html.default\">\n\t\t\t\t<div class=\"elementor-widget-container\">\n\t\t\t\t\t <!-- FOOTER -->\r\n\r\n  <footer>\r\n    <div class=\"container\">\r\n      <img decoding=\"async\" src=\"https:\/\/ingenieriayproyecto.com.ar\/wp-content\/uploads\/2025\/04\/CG-BLANCO-01-1.png\" alt=\"cyg\" width=\"150\" height=\"150\">\r\n      <ul>\r\n        <li>Mar del Plata \u2013 Buenos Aires \u2013 Argentina<\/li>\r\n        <li>Tel: +54 9 223 6434454 \u2013 E-mail: info@ingenieriayproyecto.com.ar<\/li>\r\n        <li>\u00a9Copyright 2025 - C&G<\/li>\r\n      <\/ul>\r\n    <\/div>\r\n\r\n<!-- Flecha scroll arriba -->\r\n<a href=\"#\" class=\"scroll-to-top\" aria-label=\"Volver arriba\">\r\n  \u2191\r\n<\/a>\r\n\r\n  <\/footer>\r\n  \r\n  <script>\r\n  document.addEventListener(\"DOMContentLoaded\", function () {\r\n    const scrollTopBtn = document.querySelector(\".scroll-to-top\");\r\n\r\n    window.addEventListener(\"scroll\", () => {\r\n      if (window.scrollY > 300) {\r\n        scrollTopBtn.classList.add(\"show\");\r\n      } else {\r\n        scrollTopBtn.classList.remove(\"show\");\r\n      }\r\n    });\r\n\r\n    scrollTopBtn.addEventListener(\"click\", function (e) {\r\n      e.preventDefault();\r\n      window.scrollTo({ top: 0, behavior: \"smooth\" });\r\n    });\r\n  });\r\n<\/script>\r\n\t\t\t\t<\/div>\n\t\t\t\t<\/div>\n\t\t\t\t<\/div>\n\t\t\t\t<\/div>\n\t\t","protected":false},"excerpt":{"rendered":"<p>Inicio Empresa Servicios Proyectos Contacto NUESTRA EMPRESA Profesionalismo, creatividad, rapidez y eficacia definen el ambiente de apoyo constante de nuestra empresa, con servicios integrales en Ingenier\u00eda para Industrias. Dentro de sus servicios, la empresa ha definido los m\u00e1s altos est\u00e1ndares de calidad, contando e instruyendo al personal con capacitaciones requeridas para el cumplimiento de las [&hellip;]<\/p>\n","protected":false},"author":1,"featured_media":0,"parent":0,"menu_order":0,"comment_status":"closed","ping_status":"closed","template":"elementor_canvas","meta":{"footnotes":""},"class_list":["post-13","page","type-page","status-publish","hentry"],"_links":{"self":[{"href":"https:\/\/ingenieriayproyecto.com.ar\/index.php\/wp-json\/wp\/v2\/pages\/13","targetHints":{"allow":["GET"]}}],"collection":[{"href":"https:\/\/ingenieriayproyecto.com.ar\/index.php\/wp-json\/wp\/v2\/pages"}],"about":[{"href":"https:\/\/ingenieriayproyecto.com.ar\/index.php\/wp-json\/wp\/v2\/types\/page"}],"author":[{"embeddable":true,"href":"https:\/\/ingenieriayproyecto.com.ar\/index.php\/wp-json\/wp\/v2\/users\/1"}],"replies":[{"embeddable":true,"href":"https:\/\/ingenieriayproyecto.com.ar\/index.php\/wp-json\/wp\/v2\/comments?post=13"}],"version-history":[{"count":366,"href":"https:\/\/ingenieriayproyecto.com.ar\/index.php\/wp-json\/wp\/v2\/pages\/13\/revisions"}],"predecessor-version":[{"id":639,"href":"https:\/\/ingenieriayproyecto.com.ar\/index.php\/wp-json\/wp\/v2\/pages\/13\/revisions\/639"}],"wp:attachment":[{"href":"https:\/\/ingenieriayproyecto.com.ar\/index.php\/wp-json\/wp\/v2\/media?parent=13"}],"curies":[{"name":"wp","href":"https:\/\/api.w.org\/{rel}","templated":true}]}}